{"id":434,"date":"2009-03-31T17:33:35","date_gmt":"2009-03-31T16:33:35","guid":{"rendered":"http:\/\/kenneldotcom.net\/wordpress\/?page_id=434"},"modified":"2009-07-19T21:34:58","modified_gmt":"2009-07-19T19:34:58","slug":"in-norwegian","status":"publish","type":"page","link":"https:\/\/kenneldotcom.net\/?page_id=434","title":{"rendered":"In Norwegian"},"content":{"rendered":"<table border=\"0\" cellspacing=\"0\" cellpadding=\"10\" width=\"100%\" bgcolor=\"#ffffff\">\n<tbody>\n<tr bgcolor=\"#ffffff\">\n<td width=\"200\" valign=\"top\"><strong>Opprinnelsesland:<\/strong><\/td>\n<td>Kroatia<\/td>\n<\/tr>\n<tr bgcolor=\"#ffffff\">\n<td width=\"200\" valign=\"top\"><strong>Hjemland:<\/strong><\/td>\n<td>FCI<\/td>\n<\/tr>\n<tr bgcolor=\"#ffffff\">\n<td width=\"200\" valign=\"top\"><strong>Helhetsinntrykk:<\/strong><\/td>\n<td>Velbalansert, tydelig flekket, sterk, muskul\u00f8s og livlig hund. Velproporsjonert, ikke grov eller tung. Skal kunne bevege seg raskt med stor utholdenhet.<\/td>\n<\/tr>\n<tr bgcolor=\"#ffffff\">\n<td width=\"200\" valign=\"top\"><strong>Riktige proporsjoner:<\/strong><\/td>\n<td>Kroppslengde:mankeh\u00f8yde = ca. 10:9<br \/>\nSnutelengde:skallelengde = 1:1<\/td>\n<\/tr>\n<tr bgcolor=\"#ffffff\">\n<td width=\"200\" valign=\"top\"><strong>Adferd\/temperament:<\/strong><\/td>\n<td>\u00c5pen og vennlig, ikke sky eller tilbakeholdende og uten nerv\u00f8sitet og aggressivitet.<\/td>\n<\/tr>\n<tr bgcolor=\"#ffffff\">\n<td width=\"200\" valign=\"top\"><strong>Hode:<\/strong><\/td>\n<td>Av god lengde<\/td>\n<\/tr>\n<tr bgcolor=\"#ffffff\">\n<td width=\"200\" valign=\"top\"><strong>Skalle:<\/strong><\/td>\n<td>Flat, ganske bred mellom \u00f8rene, velformet ved tinningene. Lett pannefure. Helt rynkefri.<\/td>\n<\/tr>\n<tr bgcolor=\"#ffffff\">\n<td width=\"200\" valign=\"top\"><strong>Stopp: <\/strong><\/td>\n<td>Moderat, men tydelig stopp.<\/td>\n<\/tr>\n<tr bgcolor=\"#ffffff\">\n<td width=\"200\" valign=\"top\"><strong>Nesebrusk: <\/strong><\/td>\n<td>Sort hos den sortflekkete variant, brun hos den brunflekkete.<\/td>\n<\/tr>\n<tr bgcolor=\"#ffffff\">\n<td width=\"200\" valign=\"top\"><strong>Snuteparti: <\/strong><\/td>\n<td>Langt og kraftig, ikke snipete. Rett neserygg og parallell med skallen.<\/td>\n<\/tr>\n<tr bgcolor=\"#ffffff\">\n<td width=\"200\" valign=\"top\"><strong>Lepper: <\/strong><\/td>\n<td>Stramme, skal ligge tett inntil kjevene, ikke hengelepper. Fullstendig pigmentering \u00f8nskelig.<\/td>\n<\/tr>\n<tr bgcolor=\"#fffff0\">\n<td width=\"200\" valign=\"top\"><strong>Kjever\/tenner:<\/strong><\/td>\n<td>Kraftige kjever. Jevne og hvite tenner, komplett tannsett \u00f8nskelig. Saksebitt.<\/td>\n<\/tr>\n<tr bgcolor=\"#ffffff\">\n<td width=\"200\" valign=\"top\"><strong>\u00d8yne: <\/strong><\/td>\n<td>Moderat innbyrdes avstand, middels store, runde, klare og funklende med et intelligent og v\u00e5kent uttrykk. M\u00f8rk brune \u00f8yne hos den sortflekkete variant, mellombrun til ravfarget hos den brunflekkete. Hele \u00f8yelokksranden skal v\u00e6re sort, eller meget m\u00f8rk, hos den den sortflekkete variant, brun hos den brunflekkete. Stramme \u00f8yelokksrender.<\/td>\n<\/tr>\n<tr bgcolor=\"#ffffff\">\n<td width=\"200\" valign=\"top\"><strong>\u00d8rer:<\/strong><\/td>\n<td>H\u00f8yt ansatte, middels store, temmelig brede ved basis. Ligger inntil hodet. Smalner gradvis til en avrundet spiss. Tynne og myke, tegningene godt oppbrutt, foretrekkes godt flekket.<\/td>\n<\/tr>\n<tr bgcolor=\"#ffffff\">\n<td width=\"200\" valign=\"top\"><strong>Hals:<\/strong><\/td>\n<td>Ganske lang, godt buet, smalner mot hodet, helt uten l\u00f8s halshud.<\/td>\n<\/tr>\n<tr bgcolor=\"#ffffff\">\n<td colspan=\"2\" valign=\"top\"><strong><span style=\"color: #d11033;\">Forlemmer<\/span><\/strong><\/td>\n<\/tr>\n<tr bgcolor=\"#ffffff\">\n<td width=\"200\" valign=\"top\"><strong>Helhetsinntrykk: <\/strong><\/td>\n<td>Helt rette forben, med kraftig og rund benstamme helt til potene.<\/td>\n<\/tr>\n<tr bgcolor=\"#ffffff\">\n<td width=\"200\" valign=\"top\"><strong>Skulder: <\/strong><\/td>\n<td>Lett skr\u00e5stilt, t\u00f8rr og muskul\u00f8s.<\/td>\n<\/tr>\n<tr bgcolor=\"#ffffff\">\n<td width=\"200\" valign=\"top\"><strong>Albue: <\/strong><\/td>\n<td>Albuene tett inntil kroppen, verken inn- eller utoverdreide.<\/td>\n<\/tr>\n<tr bgcolor=\"#ffffff\">\n<td width=\"200\" valign=\"top\"><strong>Mellomh\u00e5nd: <\/strong><\/td>\n<td>Sterke, lett fj\u00e6rende.<\/td>\n<\/tr>\n<tr bgcolor=\"#ffffff\">\n<td width=\"200\" valign=\"top\"><strong>Poter:<\/strong><\/td>\n<td>Runde og fast med godt hvelvede t\u00e6r (kattepoter). Runde, solide elastiske tredeputer. Sorte eller hvite kl\u00f8r hos den sortflekkete variant, brune eller hvite hos den brunflekkete.<\/td>\n<\/tr>\n<tr bgcolor=\"#fffff0\">\n<td colspan=\"2\" valign=\"top\"><strong><span style=\"color: #d11033;\">Kropp<\/span><\/strong><\/td>\n<\/tr>\n<tr bgcolor=\"#ffffff\">\n<td width=\"200\" valign=\"top\"><strong>Manke: <\/strong><\/td>\n<td>Godt markert.<\/td>\n<\/tr>\n<tr bgcolor=\"#ffffff\">\n<td width=\"200\" valign=\"top\"><strong>Rygg: <\/strong><\/td>\n<td>Rett og kraftig.<\/td>\n<\/tr>\n<tr bgcolor=\"#ffffff\">\n<td width=\"200\" valign=\"top\"><strong>Lend: <\/strong><\/td>\n<td>T\u00f8rr, muskul\u00f8s og lett buet.<\/td>\n<\/tr>\n<tr bgcolor=\"#ffffff\">\n<td width=\"200\" valign=\"top\"><strong>Kryss: <\/strong><\/td>\n<td>Meget lett fallende.<\/td>\n<\/tr>\n<tr bgcolor=\"#ffffff\">\n<td width=\"200\" valign=\"top\"><strong>Bryst:<\/strong><\/td>\n<td>Ikke for bred, men dyp og rommelig. Bryskassen n\u00e5r til albuene. Godt markert forbryst sett i profil. Lange, godt buete ribben, aldri flate, t\u00f8nneformete eller deformert.<\/td>\n<\/tr>\n<tr bgcolor=\"#ffffff\">\n<td width=\"200\" valign=\"top\"><strong>Underlinje\/buk:<\/strong><\/td>\n<td>Godt opptrukket mot lenden. Ikke dype flanker.<\/td>\n<\/tr>\n<tr bgcolor=\"#ffffff\">\n<td width=\"200\" valign=\"top\"><strong>Hale: <\/strong><\/td>\n<td>Rekker omtrent til hasene. Kraftig ved ansatsen og gradvis tynnere mot spissen, aldri grov. Ansatt verken for lavt eller for h\u00f8yt. I hvile b\u00e6res hengende og svakt oppoverbuet i nederste tredjedel. Under bevegelse b\u00e6res litt h\u00f8yere enn rygglinjen, men aldri rett opp eller ringlet. Flekker \u00f8nskelig.<\/td>\n<\/tr>\n<tr bgcolor=\"#ffffff\">\n<td colspan=\"2\" valign=\"top\"><strong><span style=\"color: #d11033;\">Baklemmer<\/span><\/strong><\/td>\n<\/tr>\n<tr bgcolor=\"#ffffff\">\n<td width=\"200\" valign=\"top\"><strong>Helhetsinntrykk: <\/strong><\/td>\n<td>Kraftige, muskul\u00f8se og t\u00f8rre. Sett bakfra er bena rette og parallelle.<\/td>\n<\/tr>\n<tr bgcolor=\"#ffffff\">\n<td width=\"200\" valign=\"top\">\u00a0<\/td>\n<td>Godt vinklete.<\/td>\n<\/tr>\n<tr bgcolor=\"#ffffff\">\n<td width=\"200\" valign=\"top\"><strong>Underl\u00e5r:<\/strong><\/td>\n<td>Kraftige.<\/td>\n<\/tr>\n<tr bgcolor=\"#ffffff\">\n<td width=\"200\" valign=\"top\"><strong>Haser:<\/strong><\/td>\n<td>Sterke, velvinklete.<\/td>\n<\/tr>\n<tr bgcolor=\"#ffffff\">\n<td width=\"200\" valign=\"top\"><strong>Poter: <\/strong><\/td>\n<td>Runde og fast med godt hvelvede t\u00e6r (kattepoter). Runde, solide elastiske tredeputer. Sorte eller hvite kl\u00f8r hos den sortflekkete variant, brune eller hvite hos den brunflekkete.<\/td>\n<\/tr>\n<tr bgcolor=\"#ffffff\">\n<td width=\"200\" valign=\"top\"><strong>Bevegelser: <\/strong><\/td>\n<td>Helt frie, jevne, kraftfulle og rytmiske bevegelser med stor skrittlengde og godt driv bak. Parallelle bevegelser sett bakfra, bakbena settes i sporet av forbena. Korte skritt og padlende bevegelser er feilaktig.<\/td>\n<\/tr>\n<tr bgcolor=\"#ffffff\">\n<td colspan=\"2\" valign=\"top\"><strong><span style=\"color: #d11033;\">Pels<\/span><\/strong><\/td>\n<\/tr>\n<tr bgcolor=\"#ffffff\">\n<td width=\"200\" valign=\"top\"><strong>H\u00e5rlag: <\/strong><\/td>\n<td>Kort, hard, tett, glatt og glansfull.<\/td>\n<\/tr>\n<tr bgcolor=\"#ffffff\">\n<td width=\"200\" valign=\"top\"><strong>Farge:<\/strong><\/td>\n<td>Grunnfargen er ren hvit. Dypt sorte flekker hos sortflekkete hunder, leverbrune hos brunflekkete. Flekkene skal ikke flyte sammen, men v\u00e6re runde, klart avgrensede og godt fordelt. De skal v\u00e6re 2 &#8211; 3 cm i diameter, men mindre p\u00e5 hodet, halen og lemmene. Tegningene p\u00e5 \u00f8rene godt oppbrutt, foretrekkes godt flekket.<\/td>\n<\/tr>\n<tr bgcolor=\"#ff0000\"><strong><\/strong><\/tr>\n<tr bgcolor=\"#ffffff\">\n<td width=\"200\" valign=\"top\"><strong>Mankeh\u00f8yde: <\/strong><\/td>\n<td>Helhet og proporsjoner tillegges stor vekt.<br \/>\nHannhunder: 56-61 cm<br \/>\nTisper: 54-59 cm<\/td>\n<\/tr>\n<tr bgcolor=\"#ffffff\">\n<td width=\"200\" valign=\"top\"><strong>Vekt: <\/strong><\/td>\n<td>Hannhunder: ca. 27-32 kg<br \/>\nTisper: ca. 24-29 kg<\/td>\n<\/tr>\n<tr bgcolor=\"#ffffff\">\n<td width=\"200\" valign=\"top\"><strong>Feil: <\/strong><\/td>\n<td>Ethvert avvik fra foreg\u00e5ende punkter skal betraktes som feil. Hvor alvorlig feilen er, skal graderes etter hvor stort avviket er i relasjon til rasebeskrivelsen. -Bronzing (midlertidig bronseavfarging av sorte flekker)<\/td>\n<\/tr>\n<tr bgcolor=\"#ffffff\">\n<td width=\"200\" valign=\"top\"><strong>Diskvalifiserende feil:<\/strong><\/td>\n<td>Hunder som viser tegn p\u00e5 aggressivitet og\/eller har fysiske defekter som p\u00e5virker hundens sunnhet skal diskvalifiseres. -Uttrykt over- og underbitt -Innrullete eller l\u00f8se og hengende nedre \u00f8yelokk -Forskjellig fargete \u00f8yne, bl\u00e5 \u00f8yne -D\u00f8vhet -Patch -Tricolour (sorte og brune flekker p\u00c2 samme hund) -Gultegnet (sitron- og orangefargete flekker)<\/td>\n<\/tr>\n<tr bgcolor=\"#ffffff\">\n<td width=\"200\" valign=\"top\"><strong>OBS:<\/strong><\/td>\n<td>Hannhunder skal ha to normalt utviklede testikler p\u00e5 normal plass.<\/td>\n<\/tr>\n<\/tbody>\n<\/table>\n<p align=\"center\"><span style=\"color: #d11033;\">&laquo;<em>Rasebeskrivelsen er oversatt fra gjeldende FCI-standard&raquo;<\/em><\/span><\/p>\n","protected":false},"excerpt":{"rendered":"<p>Opprinnelsesland: Kroatia Hjemland: FCI Helhetsinntrykk: Velbalansert, tydelig flekket, sterk, muskul\u00f8s og livlig hund. Velproporsjonert, ikke grov eller tung. Skal kunne bevege seg raskt med stor utholdenhet. Riktige proporsjoner: Kroppslengde:mankeh\u00f8yde = ca. 10:9 Snutelengde:skallelengde = 1:1 Adferd\/temperament: \u00c5pen og vennlig, ikke sky eller tilbakeholdende og uten nerv\u00f8sitet og aggressivitet. Hode: Av god lengde Skalle: Flat, ganske [&hellip;]<\/p>\n","protected":false},"author":1001002,"featured_media":0,"parent":214,"menu_order":1,"comment_status":"closed","ping_status":"closed","template":"","meta":{"footnotes":""},"class_list":["post-434","page","type-page","status-publish","hentry"],"_links":{"self":[{"href":"https:\/\/kenneldotcom.net\/index.php?rest_route=\/wp\/v2\/pages\/434","targetHints":{"allow":["GET"]}}],"collection":[{"href":"https:\/\/kenneldotcom.net\/index.php?rest_route=\/wp\/v2\/pages"}],"about":[{"href":"https:\/\/kenneldotcom.net\/index.php?rest_route=\/wp\/v2\/types\/page"}],"author":[{"embeddable":true,"href":"https:\/\/kenneldotcom.net\/index.php?rest_route=\/wp\/v2\/users\/1001002"}],"replies":[{"embeddable":true,"href":"https:\/\/kenneldotcom.net\/index.php?rest_route=%2Fwp%2Fv2%2Fcomments&post=434"}],"version-history":[{"count":11,"href":"https:\/\/kenneldotcom.net\/index.php?rest_route=\/wp\/v2\/pages\/434\/revisions"}],"predecessor-version":[{"id":1854,"href":"https:\/\/kenneldotcom.net\/index.php?rest_route=\/wp\/v2\/pages\/434\/revisions\/1854"}],"up":[{"embeddable":true,"href":"https:\/\/kenneldotcom.net\/index.php?rest_route=\/wp\/v2\/pages\/214"}],"wp:attachment":[{"href":"https:\/\/kenneldotcom.net\/index.php?rest_route=%2Fwp%2Fv2%2Fmedia&parent=434"}],"curies":[{"name":"wp","href":"https:\/\/api.w.org\/{rel}","templated":true}]}}